{"id":34,"date":"2023-12-15T11:28:59","date_gmt":"2023-12-15T12:28:59","guid":{"rendered":"https:\/\/hwl-consulting.ch\/blog\/?page_id=34"},"modified":"2023-12-20T16:16:42","modified_gmt":"2023-12-20T17:16:42","slug":"impressum","status":"publish","type":"page","link":"https:\/\/hwl-consulting.ch\/blog\/impressum\/","title":{"rendered":"Impressum"},"content":{"rendered":"\n<p>Werner Lerch<br>Zilstrasse 16<br>5722 Gr\u00e4nichen<br>+41 77 529 36 14<br>werner.lerch@hwl-consulting.ch<\/p>\n\n\n\n<p><strong>Copyright<\/strong><\/p>\n\n\n\n<p>Das Copyright f\u00fcr den gesamten Internetauftritt liegt, wo nicht anders erw\u00e4hnt, bei Werner Lerch. Inhalte d\u00fcrfen nicht in einem anderen Zusammenhang verwendet und kopiert werden.\u00a0<\/p>\n\n\n\n<p><strong>Pers\u00f6nliche Daten<\/strong><\/p>\n\n\n\n<p>Wenn Sie uns via Internet-Formular oder Email kontaktieren, so entscheiden Sie sich, uns zum entsprechenden Zweck teilweise pers\u00f6nliche Daten zu \u00fcbergeben. Ihre Informationen werden zu keiner Zeit an Dritte verkauft, vermietet oder f\u00fcr Zwecke Dritter weitergegeben.<\/p>\n\n\n\n<p><strong>Haftungshinweis<\/strong><\/p>\n\n\n\n<p>Der Inhalt dieser Webseiten wird mit gr\u00f6sstm\u00f6glicher Sorgfalt gepflegt. Trotzdem wird f\u00fcr den Inhalt und die Informationen auf dieser Website keine Haftung \u00fcbernommen.<\/p>\n\n\n\n<p>Trotz sorgf\u00e4ltiger inhaltlicher Kontrolle \u00fcbernehmen wir keine Haftung f\u00fcr die Inhalte externer Links. F\u00fcr den Inhalt der verlinkten Seiten sind ausschliesslich deren Betreiber verantwortlich.<\/p>\n\n\n\n<p><strong>Cookie Policy<\/strong><\/p>\n\n\n\n<p>Wir verwenden Cookies auf dieser Seite, um Ihre Benutzererfahrung zu verbessern.&nbsp;Durch&nbsp;nutzung der Website&nbsp;erkl\u00e4ren Sie sich damit einverstanden, dass wir dies tun.<\/p>\n","protected":false},"excerpt":{"rendered":"<p>Werner LerchZilstrasse 165722 Gr\u00e4nichen+41 77 529 36 14werner.lerch@hwl-consulting.ch Copyright Das Copyright f\u00fcr den gesamten Internetauftritt liegt, wo nicht anders erw\u00e4hnt, bei Werner Lerch. Inhalte d\u00fcrfen nicht in einem anderen Zusammenhang verwendet und kopiert werden.\u00a0 Pers\u00f6nliche Daten Wenn Sie uns via Internet-Formular oder Email kontaktieren, so entscheiden Sie sich, uns zum entsprechenden Zweck teilweise pers\u00f6nliche Daten &#8230; <a title=\"Impressum\" class=\"read-more\" href=\"https:\/\/hwl-consulting.ch\/blog\/impressum\/\" aria-label=\"Read more about Impressum\">mehr lesen<\/a><\/p>\n","protected":false},"author":1,"featured_media":0,"parent":0,"menu_order":0,"comment_status":"closed","ping_status":"closed","template":"","meta":{"footnotes":""},"class_list":["post-34","page","type-page","status-publish"],"_links":{"self":[{"href":"https:\/\/hwl-consulting.ch\/blog\/wp-json\/wp\/v2\/pages\/34","targetHints":{"allow":["GET"]}}],"collection":[{"href":"https:\/\/hwl-consulting.ch\/blog\/wp-json\/wp\/v2\/pages"}],"about":[{"href":"https:\/\/hwl-consulting.ch\/blog\/wp-json\/wp\/v2\/types\/page"}],"author":[{"embeddable":true,"href":"https:\/\/hwl-consulting.ch\/blog\/wp-json\/wp\/v2\/users\/1"}],"replies":[{"embeddable":true,"href":"https:\/\/hwl-consulting.ch\/blog\/wp-json\/wp\/v2\/comments?post=34"}],"version-history":[{"count":1,"href":"https:\/\/hwl-consulting.ch\/blog\/wp-json\/wp\/v2\/pages\/34\/revisions"}],"predecessor-version":[{"id":35,"href":"https:\/\/hwl-consulting.ch\/blog\/wp-json\/wp\/v2\/pages\/34\/revisions\/35"}],"wp:attachment":[{"href":"https:\/\/hwl-consulting.ch\/blog\/wp-json\/wp\/v2\/media?parent=34"}],"curies":[{"name":"wp","href":"https:\/\/api.w.org\/{rel}","templated":true}]}}